{"id":35,"date":"2023-03-04T13:36:15","date_gmt":"2023-03-04T12:36:15","guid":{"rendered":"https:\/\/www.nkschaken-rapid.nl\/jeugd\/?page_id=35"},"modified":"2024-06-12T12:23:11","modified_gmt":"2024-06-12T10:23:11","slug":"reglement","status":"publish","type":"page","link":"https:\/\/www.nkschaken-rapid.nl\/jeugd\/reglement\/","title":{"rendered":"Reglement"},"content":{"rendered":"<p><strong>Reglement Open NK Rapid voor de Jeugd<\/strong><\/p>\n<p><strong>Artikel 1: Leeftijdscategorie\u00ebn<\/strong><br \/>\na. Dit reglement geldt voor de jaarlijks te houden persoonlijke Open Nederlandse Rapidkampioenschappen voor de Jeugd. Er wordt gespeeld in de navolgende categorie\u00ebn:<br \/>\nA-1 jeugd t\/m 20 jaar A-2 meisjes t\/m 20 jaar<br \/>\nB-1 jeugd t\/m 16 jaar B-2 meisjes t\/m 16 jaar<br \/>\nC-1 jeugd t\/m 14 jaar C-2 meisjes t\/m 14 jaar<br \/>\nD-1 jeugd t\/m 12 jaar D-2 meisjes t\/m 12 jaar<br \/>\nE-1 jeugd t\/m 10 jaar E-2 meisjes t\/m 10 jaar<br \/>\nF-1 jeugd t\/m 9 jaar F-2 meisjes t\/m 9 jaar<br \/>\nG-1 jeugd t\/m 8 jaar G-2 meisjes t\/m 8 jaar<br \/>\nH-1 jeugd t\/m 7 jaar H-2 meisjes t\/m 7 jaar<br \/>\nDaarnaast kan er gespeeld worden in de toegevoegde leeftijdsgroepen:<br \/>\nA*-1 jeugd t\/m 19 jaar A*-2 meisjes t\/m 19 jaar<br \/>\nA**-1 jeugd t\/m 18 jaar A**-2 meisjes t\/m 18 jaar<br \/>\nA***-1 jeugd t\/m 17 jaar A***-2 meisjes t\/m 17 jaar<br \/>\nB*-1 jeugd t\/m 15 jaar B*-2 meisjes t\/m 15 jaar<br \/>\nC*-1 jeugd t\/m 13 jaar C*-2 meisjes t\/m 13 jaar<br \/>\nD*-1 jeugd t\/m 11 jaar D*-2 meisjes t\/m 11 jaar<br \/>\nb. Er wordt binnen een leeftijdsgroep gemengd (jeugd en meisjes) gespeeld. De organisatie kan besluiten bepaalde categorie\u00ebn bij geringe inschrijving samen te voegen tot \u00e9\u00e9n categorie.<\/p>\n<p><strong>Artikel 2: Organisatie<\/strong><br \/>\nTelkenmale stelt het bestuur van de KNSB vast:<br \/>\na. de plaats waar en data waarop gespeeld zal worden.<br \/>\nb. het organisatiecomit\u00e9<br \/>\nc. de hoofdscheidsrechter<\/p>\n<p><strong>Artikel 3: Speelronden en lidmaatschap<\/strong><br \/>\nHet aantal ronden voor alle categorie\u00ebn is 7.<br \/>\nDeelnemers kunnen alleen meespelen als ze in het bezit zijn van een actief KNSB-lidmaatschap of lidmaatschap bij een buitenlandse schaakbond.<\/p>\n<p><strong>Artikel 4: FIDE-regels<\/strong><br \/>\nDe wedstrijden worden gespeeld volgens de FIDE-Regels voor het Schaakspel, in de offici\u00eble Nederlandse vertaling, uitgegeven door de KNSB (laatste uitgave), met de volgende bepalingen:<br \/>\na) Aanhangsel A Regels voor Rapidschaak. Artikel A5 is van kracht. Voor categorie\u00ebn D t\/m H geldt dat er geen verlies van de partij geldt bij een tweede onreglementaire zet. De partij wordt vervolgd vanaf de laatste reglementaire zet.<br \/>\nb) De verzuimtijd is 10 minuten.<br \/>\nc) Ten aanzien van artikel 11 van de FIDE-Regels geldt het volgende: geconstateerd wordt mobiele telefoons en horloges mogen niet op het lichaam gedragen worden. Toegestaan is het opbergen in een gesloten tas of met het beeldscherm naar beneden naast het speelbord mits de apparatuur uit staat. Als een dergelijk apparaat, zonder toestemming van de arbiter, aan staat of enig geluid maakt, dan verliest die speler de partij, tenzij de arbiter anders beslist.<\/p>\n<p><strong>Artikel 5: Indeling<\/strong><br \/>\nDe indeling vindt plaats volgens een tevoren vastgestelde versie van het Zwitsers systeem op rating. Dit is de nieuwste versie van \u201cSwiss Manager\u201d.<\/p>\n<p><strong>Artikel 6: Speeltempo<\/strong><br \/>\nHet speeltempo in alle categorie\u00ebn is 15 minuten per speler per partij met vanaf de eerste zet een bijtelling van 5 seconden per zet.<\/p>\n<p><strong>Artikel 7: Bepaling stand<\/strong><br \/>\nAls twee of meer spelers in een van de categorie\u00ebn met een gelijk aantal punten eindigen, wordt de volgorde bepaald door achtereenvolgens:<br \/>\n&#8211; aantal behaalde punten<br \/>\n&#8211; onderling resultaat (alleen als allen zelfde puntengroep tegen elkaar gespeeld hebben)<br \/>\n&#8211; weerstandspunten<br \/>\n&#8211; de SB punten<br \/>\nIndien hierdoor geen beslissing wordt verkregen, worden de gelijk ge\u00ebindigden ex aequo alfabetisch in de eindstand vermeld. Indien er in dit laatste geval een trofee in het geding is, dan wordt er geloot.<\/p>\n<p><strong>Artikel 8: Kampioenen<\/strong><br \/>\nDe winnaars en winnaressen in elke categorie krijgt resp. de titel &#8220;Open Rapid Jeugdkampioen van Nederland&#8221;, &#8220;Open Rapid Meisjeskampioene van Nederland&#8221;<br \/>\nAan de titel wordt het jaar waarin deze wordt behaald toegevoegd alsmede de leeftijdscategorie.<\/p>\n<p><strong>Artikel 9: Wedstrijdleider<\/strong><br \/>\nDe wedstrijdleider is belast met de uitvoering en handhaving van dit reglement en het beslissen in alle geschillen en onvoorziene gevallen welke zich ter plaatse mochten voordoen.<\/p>\n<p><strong>Artikel 10: Protest en beroep<\/strong><br \/>\nTegen elke beslissing van de wedstrijdleider kan een speler, mits direct na het bekend worden van die beslissing, protest aantekenen. Een dergelijk protest dient schriftelijk te worden ingediend bij de wedstrijdleider, die voor onverwijlde behandeling door de hoofdscheidsrechter zorg draagt. De hoofdscheidsrechter doet bindend uitspraak.<br \/>\nAldus vastgesteld door de KNSB op 12 juni 2024<\/p>\n<p><a href=\"https:\/\/schaakbond.nl\/wp-content\/uploads\/2023\/03\/Reglement-Open-NK-Rapid-voor-de-Jeugd-1.pdf\" target=\"_blank\" rel=\"noopener\">https:\/\/schaakbond.nl\/wp-content\/uploads\/2023\/03\/Reglement-Open-NK-Rapid-voor-de-Jeugd-1.pdf<\/a><\/p>\n","protected":false},"excerpt":{"rendered":"<p>Reglement Open NK Rapid voor de Jeugd Artikel 1: Leeftijdscategorie\u00ebn a. Dit reglement geldt voor de jaarlijks te houden persoonlijke Open Nederlandse Rapidkampioenschappen voor de Jeugd. Er wordt gespeeld in de navolgende categorie\u00ebn: A-1&#46;&#46;&#46;<\/p>\n","protected":false},"author":1,"featured_media":0,"parent":0,"menu_order":0,"comment_status":"closed","ping_status":"closed","template":"","meta":{"footnotes":""},"class_list":["post-35","page","type-page","status-publish","hentry"],"_links":{"self":[{"href":"https:\/\/www.nkschaken-rapid.nl\/jeugd\/wp-json\/wp\/v2\/pages\/35","targetHints":{"allow":["GET"]}}],"collection":[{"href":"https:\/\/www.nkschaken-rapid.nl\/jeugd\/wp-json\/wp\/v2\/pages"}],"about":[{"href":"https:\/\/www.nkschaken-rapid.nl\/jeugd\/wp-json\/wp\/v2\/types\/page"}],"author":[{"embeddable":true,"href":"https:\/\/www.nkschaken-rapid.nl\/jeugd\/wp-json\/wp\/v2\/users\/1"}],"replies":[{"embeddable":true,"href":"https:\/\/www.nkschaken-rapid.nl\/jeugd\/wp-json\/wp\/v2\/comments?post=35"}],"version-history":[{"count":7,"href":"https:\/\/www.nkschaken-rapid.nl\/jeugd\/wp-json\/wp\/v2\/pages\/35\/revisions"}],"predecessor-version":[{"id":306,"href":"https:\/\/www.nkschaken-rapid.nl\/jeugd\/wp-json\/wp\/v2\/pages\/35\/revisions\/306"}],"wp:attachment":[{"href":"https:\/\/www.nkschaken-rapid.nl\/jeugd\/wp-json\/wp\/v2\/media?parent=35"}],"curies":[{"name":"wp","href":"https:\/\/api.w.org\/{rel}","templated":true}]}}